{"id":109,"date":"2017-10-09T19:27:28","date_gmt":"2017-10-09T22:27:28","guid":{"rendered":"http:\/\/clublincoln.com.ar\/web\/?page_id=109"},"modified":"2017-10-23T16:34:57","modified_gmt":"2017-10-23T19:34:57","slug":"historia","status":"publish","type":"page","link":"https:\/\/clublincoln.com.ar\/web\/historia\/","title":{"rendered":"Nuestra Historia"},"content":{"rendered":"<div id=\"pl-109\"  class=\"panel-layout\" ><div id=\"pg-109-0\"  class=\"panel-grid panel-no-style\" ><div id=\"pgc-109-0-0\"  class=\"panel-grid-cell\" ><div id=\"panel-109-0-0-0\" class=\"so-panel widget widget_media_image panel-first-child panel-last-child\" data-index=\"0\" ><img loading=\"lazy\" decoding=\"async\" width=\"1000\" height=\"123\" src=\"https:\/\/clublincoln.com.ar\/web\/wp-content\/uploads\/2017\/10\/Whitelineshadow1-e1508532053605.jpg\" class=\"image wp-image-1679  attachment-full size-full\" alt=\"\" style=\"max-width: 100%; height: auto;\" srcset=\"https:\/\/clublincoln.com.ar\/web\/wp-content\/uploads\/2017\/10\/Whitelineshadow1-e1508532053605.jpg 1000w, https:\/\/clublincoln.com.ar\/web\/wp-content\/uploads\/2017\/10\/Whitelineshadow1-e1508532053605-300x37.jpg 300w, https:\/\/clublincoln.com.ar\/web\/wp-content\/uploads\/2017\/10\/Whitelineshadow1-e1508532053605-768x94.jpg 768w\" sizes=\"auto, (max-width: 1000px) 100vw, 1000px\" \/><\/div><\/div><\/div><div id=\"pg-109-1\"  class=\"panel-grid panel-no-style\" ><div id=\"pgc-109-1-0\"  class=\"panel-grid-cell\" ><div id=\"panel-109-1-0-0\" class=\"so-panel widget widget_media_image panel-first-child panel-last-child\" data-index=\"1\" ><img loading=\"lazy\" decoding=\"async\" width=\"300\" height=\"200\" src=\"https:\/\/clublincoln.com.ar\/web\/wp-content\/uploads\/2017\/10\/escanear0026-Copy-300x200.jpg\" class=\"image wp-image-2036  attachment-medium size-medium\" alt=\"\" style=\"max-width: 100%; height: auto;\" srcset=\"https:\/\/clublincoln.com.ar\/web\/wp-content\/uploads\/2017\/10\/escanear0026-Copy-300x200.jpg 300w, https:\/\/clublincoln.com.ar\/web\/wp-content\/uploads\/2017\/10\/escanear0026-Copy-768x512.jpg 768w, https:\/\/clublincoln.com.ar\/web\/wp-content\/uploads\/2017\/10\/escanear0026-Copy-272x182.jpg 272w, https:\/\/clublincoln.com.ar\/web\/wp-content\/uploads\/2017\/10\/escanear0026-Copy.jpg 796w\" sizes=\"auto, (max-width: 300px) 100vw, 300px\" \/><\/div><\/div><div id=\"pgc-109-1-1\"  class=\"panel-grid-cell\" ><div id=\"panel-109-1-1-0\" class=\"so-panel widget widget_media_image panel-first-child panel-last-child\" data-index=\"2\" ><img loading=\"lazy\" decoding=\"async\" width=\"300\" height=\"200\" src=\"https:\/\/clublincoln.com.ar\/web\/wp-content\/uploads\/2017\/10\/escanear0013-Copy-300x200.jpg\" class=\"image wp-image-2030  attachment-medium size-medium\" alt=\"\" style=\"max-width: 100%; height: auto;\" srcset=\"https:\/\/clublincoln.com.ar\/web\/wp-content\/uploads\/2017\/10\/escanear0013-Copy-300x200.jpg 300w, https:\/\/clublincoln.com.ar\/web\/wp-content\/uploads\/2017\/10\/escanear0013-Copy-768x512.jpg 768w, https:\/\/clublincoln.com.ar\/web\/wp-content\/uploads\/2017\/10\/escanear0013-Copy-272x182.jpg 272w, https:\/\/clublincoln.com.ar\/web\/wp-content\/uploads\/2017\/10\/escanear0013-Copy.jpg 791w\" sizes=\"auto, (max-width: 300px) 100vw, 300px\" \/><\/div><\/div><div id=\"pgc-109-1-2\"  class=\"panel-grid-cell\" ><div id=\"panel-109-1-2-0\" class=\"so-panel widget widget_media_image panel-first-child panel-last-child\" data-index=\"3\" ><img loading=\"lazy\" decoding=\"async\" width=\"300\" height=\"200\" src=\"https:\/\/clublincoln.com.ar\/web\/wp-content\/uploads\/2017\/10\/escanear0027-Copy-300x200.jpg\" class=\"image wp-image-2031  attachment-medium size-medium\" alt=\"\" style=\"max-width: 100%; height: auto;\" srcset=\"https:\/\/clublincoln.com.ar\/web\/wp-content\/uploads\/2017\/10\/escanear0027-Copy-300x200.jpg 300w, https:\/\/clublincoln.com.ar\/web\/wp-content\/uploads\/2017\/10\/escanear0027-Copy-768x512.jpg 768w, https:\/\/clublincoln.com.ar\/web\/wp-content\/uploads\/2017\/10\/escanear0027-Copy-272x182.jpg 272w, https:\/\/clublincoln.com.ar\/web\/wp-content\/uploads\/2017\/10\/escanear0027-Copy.jpg 796w\" sizes=\"auto, (max-width: 300px) 100vw, 300px\" \/><\/div><\/div><\/div><div id=\"pg-109-2\"  class=\"panel-grid panel-no-style\" ><div id=\"pgc-109-2-0\"  class=\"panel-grid-cell\" ><div id=\"panel-109-2-0-0\" class=\"so-panel widget widget_sow-editor panel-first-child panel-last-child\" data-index=\"4\" ><div\n\t\t\t\n\t\t\tclass=\"so-widget-sow-editor so-widget-sow-editor-base\"\n\t\t\t\n\t\t>\n<div class=\"siteorigin-widget-tinymce textwidget\">\n\t<p><a href=\"https:\/\/clublincoln.com.ar\/web\/wp-content\/uploads\/2017\/10\/foto_antigua_1.jpg\"><img loading=\"lazy\" decoding=\"async\" class=\"alignleft wp-image-144 size-medium\" src=\"https:\/\/clublincoln.com.ar\/web\/wp-content\/uploads\/2017\/10\/foto_antigua_1-300x212.jpg\" alt=\"\" width=\"300\" height=\"212\" srcset=\"https:\/\/clublincoln.com.ar\/web\/wp-content\/uploads\/2017\/10\/foto_antigua_1-300x212.jpg 300w, https:\/\/clublincoln.com.ar\/web\/wp-content\/uploads\/2017\/10\/foto_antigua_1-768x542.jpg 768w, https:\/\/clublincoln.com.ar\/web\/wp-content\/uploads\/2017\/10\/foto_antigua_1-1024x723.jpg 1024w, https:\/\/clublincoln.com.ar\/web\/wp-content\/uploads\/2017\/10\/foto_antigua_1.jpg 1169w\" sizes=\"auto, (max-width: 300px) 100vw, 300px\" \/><\/a>En la ciudad de Lincoln, a los\u00a0<strong>11 d\u00edas del mes de Febrero de 1941<\/strong>, en la sede social del \u201cCLUB PROGRESO\u201d, se re\u00fanen las siguientes\u00a0personas: Emilio Rodr\u00edguez Ota\u00f1o, Arist\u00f3bulo Carminatti, Marcelo C. Arabolaza, Gervasio Fresno, que representan al\u00a0\u00a0<strong>\u201cLINCOLN AUTOMOVIL CLUB\u201d<\/strong>; Jos\u00e9 Mar\u00eda Can\u00e9, Carlos M. Ipharraguirre, Manuel Monge y David Grinspan que representan al\u00a0<strong>\u201cCLUB PROGRESO\u201d<\/strong>convienen fusionar en un nuevo CLUB, bajo la denominaci\u00f3n de\u00a0<strong>\u201cCLUB LINCOLN\u201d<\/strong>\u00a0, queda constituida una Asociaci\u00f3n que tendr\u00e1 por objeto contribuir al estrechamiento de v\u00ednculos, propender al cultivo de la sociabilidad, fomentar el desarrollo de la cultura y de la pr\u00e1ctica de los deportes entre los socios y sus familiares.<\/p>\n<p><strong>Primera Comisi\u00f3n Directiva:<\/strong><\/p>\n<p><strong>Presidente:<\/strong>\u00a0Jos\u00e9 Maria Can\u00e9<br \/> <strong>Vice Presidente:<\/strong>\u00a0Alfredo Giacosa<br \/> <strong>Secretario:<\/strong>\u00a0Carlos M. Ipharraguirre<br \/> <strong>Pro Secretario:<\/strong>\u00a0David Grispan<br \/> <strong>Tesorero:<\/strong>\u00a0Manuel Monge<br \/> <strong>Pro Tesorero:<\/strong>\u00a0Santiago Bracos<br \/> <strong>Vocales :<\/strong>\u00a0Francisco Dolhare,\u00a0Luis Fanti,\u00a0Jos\u00e9 Lista<\/p>\n<\/div>\n<\/div><\/div><\/div><\/div><\/div>","protected":false},"excerpt":{"rendered":"<p>En la ciudad de Lincoln, a los\u00a011 d\u00edas del mes de Febrero de 1941, en la sede social del \u201cCLUB PROGRESO\u201d, se re\u00fanen las siguientes\u00a0personas: Emilio Rodr\u00edguez Ota\u00f1o, Arist\u00f3bulo Carminatti, Marcelo C. Arabolaza, Gervasio Fresno, que representan al\u00a0\u00a0\u201cLINCOLN AUTOMOVIL CLUB\u201d; Jos\u00e9 Mar\u00eda Can\u00e9, Carlos M. Ipharraguirre, Manuel Monge y David Grinspan que representan al\u00a0\u201cCLUB PROGRESO\u201dconvienen [&hellip;]<\/p>\n","protected":false},"author":1,"featured_media":0,"parent":0,"menu_order":0,"comment_status":"closed","ping_status":"closed","template":"","meta":{"site-sidebar-layout":"no-sidebar","site-content-layout":"content-boxed-container","ast-site-content-layout":"default","site-content-style":"default","site-sidebar-style":"default","ast-global-header-display":"","ast-banner-title-visibility":"","ast-main-header-display":"","ast-hfb-above-header-display":"","ast-hfb-below-header-display":"","ast-hfb-mobile-header-display":"","site-post-title":"","ast-breadcrumbs-content":"","ast-featured-img":"disabled","footer-sml-layout":"","ast-disable-related-posts":"","theme-transparent-header-meta":"","adv-header-id-meta":"","stick-header-meta":"","header-above-stick-meta":"","header-main-stick-meta":"","header-below-stick-meta":"","astra-migrate-meta-layouts":"default","ast-page-background-enabled":"default","ast-page-background-meta":{"desktop":{"background-color":"","background-image":"","background-repeat":"repeat","background-position":"center center","background-size":"auto","background-attachment":"scroll","background-type":"","background-media":"","overlay-type":"","overlay-color":"","overlay-opacity":"","overlay-gradient":""},"tablet":{"background-color":"","background-image":"","background-repeat":"repeat","background-position":"center center","background-size":"auto","background-attachment":"scroll","background-type":"","background-media":"","overlay-type":"","overlay-color":"","overlay-opacity":"","overlay-gradient":""},"mobile":{"background-color":"","background-image":"","background-repeat":"repeat","background-position":"center center","background-size":"auto","background-attachment":"scroll","background-type":"","background-media":"","overlay-type":"","overlay-color":"","overlay-opacity":"","overlay-gradient":""}},"ast-content-background-meta":{"desktop":{"background-color":"var(--ast-global-color-5)","background-image":"","background-repeat":"repeat","background-position":"center center","background-size":"auto","background-attachment":"scroll","background-type":"","background-media":"","overlay-type":"","overlay-color":"","overlay-opacity":"","overlay-gradient":""},"tablet":{"background-color":"var(--ast-global-color-5)","background-image":"","background-repeat":"repeat","background-position":"center center","background-size":"auto","background-attachment":"scroll","background-type":"","background-media":"","overlay-type":"","overlay-color":"","overlay-opacity":"","overlay-gradient":""},"mobile":{"background-color":"var(--ast-global-color-5)","background-image":"","background-repeat":"repeat","background-position":"center center","background-size":"auto","background-attachment":"scroll","background-type":"","background-media":"","overlay-type":"","overlay-color":"","overlay-opacity":"","overlay-gradient":""}},"footnotes":""},"class_list":["post-109","page","type-page","status-publish","hentry"],"aioseo_notices":[],"_links":{"self":[{"href":"https:\/\/clublincoln.com.ar\/web\/wp-json\/wp\/v2\/pages\/109","targetHints":{"allow":["GET"]}}],"collection":[{"href":"https:\/\/clublincoln.com.ar\/web\/wp-json\/wp\/v2\/pages"}],"about":[{"href":"https:\/\/clublincoln.com.ar\/web\/wp-json\/wp\/v2\/types\/page"}],"author":[{"embeddable":true,"href":"https:\/\/clublincoln.com.ar\/web\/wp-json\/wp\/v2\/users\/1"}],"replies":[{"embeddable":true,"href":"https:\/\/clublincoln.com.ar\/web\/wp-json\/wp\/v2\/comments?post=109"}],"version-history":[{"count":50,"href":"https:\/\/clublincoln.com.ar\/web\/wp-json\/wp\/v2\/pages\/109\/revisions"}],"predecessor-version":[{"id":2039,"href":"https:\/\/clublincoln.com.ar\/web\/wp-json\/wp\/v2\/pages\/109\/revisions\/2039"}],"wp:attachment":[{"href":"https:\/\/clublincoln.com.ar\/web\/wp-json\/wp\/v2\/media?parent=109"}],"curies":[{"name":"wp","href":"https:\/\/api.w.org\/{rel}","templated":true}]}}