{"id":1511,"date":"2017-10-11T10:56:13","date_gmt":"2017-10-11T13:56:13","guid":{"rendered":"http:\/\/clublincoln.com.ar\/web\/?page_id=1511"},"modified":"2022-02-17T16:04:13","modified_gmt":"2022-02-17T19:04:13","slug":"resto-bar","status":"publish","type":"page","link":"https:\/\/clublincoln.com.ar\/web\/resto-bar\/","title":{"rendered":"Resto-Bar"},"content":{"rendered":"<div id=\"pl-1511\"  class=\"panel-layout\" ><div id=\"pg-1511-0\"  class=\"panel-grid panel-no-style\" ><div id=\"pgc-1511-0-0\"  class=\"panel-grid-cell\" ><div id=\"panel-1511-0-0-0\" class=\"so-panel widget widget_media_image panel-first-child panel-last-child\" data-index=\"0\" ><img loading=\"lazy\" decoding=\"async\" width=\"1000\" height=\"123\" src=\"https:\/\/clublincoln.com.ar\/web\/wp-content\/uploads\/2017\/10\/Whitelineshadow1-e1508532053605.jpg\" class=\"image wp-image-1679  attachment-full size-full\" alt=\"\" style=\"max-width: 100%; height: auto;\" srcset=\"https:\/\/clublincoln.com.ar\/web\/wp-content\/uploads\/2017\/10\/Whitelineshadow1-e1508532053605.jpg 1000w, https:\/\/clublincoln.com.ar\/web\/wp-content\/uploads\/2017\/10\/Whitelineshadow1-e1508532053605-300x37.jpg 300w, https:\/\/clublincoln.com.ar\/web\/wp-content\/uploads\/2017\/10\/Whitelineshadow1-e1508532053605-768x94.jpg 768w\" sizes=\"auto, (max-width: 1000px) 100vw, 1000px\" \/><\/div><\/div><\/div><div id=\"pg-1511-1\"  class=\"panel-grid panel-no-style\" ><div id=\"pgc-1511-1-0\"  class=\"panel-grid-cell\" ><div id=\"panel-1511-1-0-0\" class=\"so-panel widget widget_media_gallery panel-first-child panel-last-child\" data-index=\"1\" ><div id='gallery-1' class='gallery galleryid-1511 gallery-columns-4 gallery-size-medium'><figure class='gallery-item'>\n\t\t\t<div class='gallery-icon landscape'>\n\t\t\t\t<a href='https:\/\/clublincoln.com.ar\/web\/wp-content\/uploads\/2018\/05\/CL-GyRESTO-72-Copy.jpg'><img loading=\"lazy\" decoding=\"async\" width=\"300\" height=\"200\" src=\"https:\/\/clublincoln.com.ar\/web\/wp-content\/uploads\/2018\/05\/CL-GyRESTO-72-Copy-300x200.jpg\" class=\"attachment-medium size-medium\" alt=\"\" srcset=\"https:\/\/clublincoln.com.ar\/web\/wp-content\/uploads\/2018\/05\/CL-GyRESTO-72-Copy-300x200.jpg 300w, https:\/\/clublincoln.com.ar\/web\/wp-content\/uploads\/2018\/05\/CL-GyRESTO-72-Copy-768x513.jpg 768w, https:\/\/clublincoln.com.ar\/web\/wp-content\/uploads\/2018\/05\/CL-GyRESTO-72-Copy-1024x683.jpg 1024w, https:\/\/clublincoln.com.ar\/web\/wp-content\/uploads\/2018\/05\/CL-GyRESTO-72-Copy-272x182.jpg 272w, https:\/\/clublincoln.com.ar\/web\/wp-content\/uploads\/2018\/05\/CL-GyRESTO-72-Copy.jpg 1500w\" sizes=\"auto, (max-width: 300px) 100vw, 300px\" \/><\/a>\n\t\t\t<\/div><\/figure><figure class='gallery-item'>\n\t\t\t<div class='gallery-icon landscape'>\n\t\t\t\t<a href='https:\/\/clublincoln.com.ar\/web\/wp-content\/uploads\/2018\/05\/CL-GyRESTO-74-Copy.jpg'><img loading=\"lazy\" decoding=\"async\" width=\"300\" height=\"200\" src=\"https:\/\/clublincoln.com.ar\/web\/wp-content\/uploads\/2018\/05\/CL-GyRESTO-74-Copy-300x200.jpg\" class=\"attachment-medium size-medium\" alt=\"\" srcset=\"https:\/\/clublincoln.com.ar\/web\/wp-content\/uploads\/2018\/05\/CL-GyRESTO-74-Copy-300x200.jpg 300w, https:\/\/clublincoln.com.ar\/web\/wp-content\/uploads\/2018\/05\/CL-GyRESTO-74-Copy-768x513.jpg 768w, https:\/\/clublincoln.com.ar\/web\/wp-content\/uploads\/2018\/05\/CL-GyRESTO-74-Copy-1024x683.jpg 1024w, https:\/\/clublincoln.com.ar\/web\/wp-content\/uploads\/2018\/05\/CL-GyRESTO-74-Copy-272x182.jpg 272w, https:\/\/clublincoln.com.ar\/web\/wp-content\/uploads\/2018\/05\/CL-GyRESTO-74-Copy.jpg 1500w\" sizes=\"auto, (max-width: 300px) 100vw, 300px\" \/><\/a>\n\t\t\t<\/div><\/figure><figure class='gallery-item'>\n\t\t\t<div class='gallery-icon landscape'>\n\t\t\t\t<a href='https:\/\/clublincoln.com.ar\/web\/wp-content\/uploads\/2018\/05\/CL-GyRESTO-77-Copy.jpg'><img loading=\"lazy\" decoding=\"async\" width=\"300\" height=\"200\" src=\"https:\/\/clublincoln.com.ar\/web\/wp-content\/uploads\/2018\/05\/CL-GyRESTO-77-Copy-300x200.jpg\" class=\"attachment-medium size-medium\" alt=\"\" srcset=\"https:\/\/clublincoln.com.ar\/web\/wp-content\/uploads\/2018\/05\/CL-GyRESTO-77-Copy-300x200.jpg 300w, https:\/\/clublincoln.com.ar\/web\/wp-content\/uploads\/2018\/05\/CL-GyRESTO-77-Copy-768x513.jpg 768w, https:\/\/clublincoln.com.ar\/web\/wp-content\/uploads\/2018\/05\/CL-GyRESTO-77-Copy-1024x683.jpg 1024w, https:\/\/clublincoln.com.ar\/web\/wp-content\/uploads\/2018\/05\/CL-GyRESTO-77-Copy-272x182.jpg 272w, https:\/\/clublincoln.com.ar\/web\/wp-content\/uploads\/2018\/05\/CL-GyRESTO-77-Copy.jpg 1500w\" sizes=\"auto, (max-width: 300px) 100vw, 300px\" \/><\/a>\n\t\t\t<\/div><\/figure><figure class='gallery-item'>\n\t\t\t<div class='gallery-icon landscape'>\n\t\t\t\t<a href='https:\/\/clublincoln.com.ar\/web\/wp-content\/uploads\/2018\/05\/CL-GyRESTO-80-Copy.jpg'><img loading=\"lazy\" decoding=\"async\" width=\"300\" height=\"200\" src=\"https:\/\/clublincoln.com.ar\/web\/wp-content\/uploads\/2018\/05\/CL-GyRESTO-80-Copy-300x200.jpg\" class=\"attachment-medium size-medium\" alt=\"\" srcset=\"https:\/\/clublincoln.com.ar\/web\/wp-content\/uploads\/2018\/05\/CL-GyRESTO-80-Copy-300x200.jpg 300w, https:\/\/clublincoln.com.ar\/web\/wp-content\/uploads\/2018\/05\/CL-GyRESTO-80-Copy-768x513.jpg 768w, https:\/\/clublincoln.com.ar\/web\/wp-content\/uploads\/2018\/05\/CL-GyRESTO-80-Copy-1024x683.jpg 1024w, https:\/\/clublincoln.com.ar\/web\/wp-content\/uploads\/2018\/05\/CL-GyRESTO-80-Copy-272x182.jpg 272w, https:\/\/clublincoln.com.ar\/web\/wp-content\/uploads\/2018\/05\/CL-GyRESTO-80-Copy.jpg 1500w\" sizes=\"auto, (max-width: 300px) 100vw, 300px\" \/><\/a>\n\t\t\t<\/div><\/figure><figure class='gallery-item'>\n\t\t\t<div class='gallery-icon landscape'>\n\t\t\t\t<a href='https:\/\/clublincoln.com.ar\/web\/wp-content\/uploads\/2018\/05\/CL-GyRESTO-84-Copy.jpg'><img loading=\"lazy\" decoding=\"async\" width=\"300\" height=\"200\" src=\"https:\/\/clublincoln.com.ar\/web\/wp-content\/uploads\/2018\/05\/CL-GyRESTO-84-Copy-300x200.jpg\" class=\"attachment-medium size-medium\" alt=\"\" srcset=\"https:\/\/clublincoln.com.ar\/web\/wp-content\/uploads\/2018\/05\/CL-GyRESTO-84-Copy-300x200.jpg 300w, https:\/\/clublincoln.com.ar\/web\/wp-content\/uploads\/2018\/05\/CL-GyRESTO-84-Copy-768x513.jpg 768w, https:\/\/clublincoln.com.ar\/web\/wp-content\/uploads\/2018\/05\/CL-GyRESTO-84-Copy-1024x683.jpg 1024w, https:\/\/clublincoln.com.ar\/web\/wp-content\/uploads\/2018\/05\/CL-GyRESTO-84-Copy-272x182.jpg 272w, https:\/\/clublincoln.com.ar\/web\/wp-content\/uploads\/2018\/05\/CL-GyRESTO-84-Copy.jpg 1500w\" sizes=\"auto, (max-width: 300px) 100vw, 300px\" \/><\/a>\n\t\t\t<\/div><\/figure><figure class='gallery-item'>\n\t\t\t<div class='gallery-icon landscape'>\n\t\t\t\t<a href='https:\/\/clublincoln.com.ar\/web\/wp-content\/uploads\/2018\/05\/CL-GyRESTO-89-Copy.jpg'><img loading=\"lazy\" decoding=\"async\" width=\"300\" height=\"200\" src=\"https:\/\/clublincoln.com.ar\/web\/wp-content\/uploads\/2018\/05\/CL-GyRESTO-89-Copy-300x200.jpg\" class=\"attachment-medium size-medium\" alt=\"\" srcset=\"https:\/\/clublincoln.com.ar\/web\/wp-content\/uploads\/2018\/05\/CL-GyRESTO-89-Copy-300x200.jpg 300w, https:\/\/clublincoln.com.ar\/web\/wp-content\/uploads\/2018\/05\/CL-GyRESTO-89-Copy-768x513.jpg 768w, https:\/\/clublincoln.com.ar\/web\/wp-content\/uploads\/2018\/05\/CL-GyRESTO-89-Copy-1024x683.jpg 1024w, https:\/\/clublincoln.com.ar\/web\/wp-content\/uploads\/2018\/05\/CL-GyRESTO-89-Copy-272x182.jpg 272w, https:\/\/clublincoln.com.ar\/web\/wp-content\/uploads\/2018\/05\/CL-GyRESTO-89-Copy.jpg 1500w\" sizes=\"auto, (max-width: 300px) 100vw, 300px\" \/><\/a>\n\t\t\t<\/div><\/figure><figure class='gallery-item'>\n\t\t\t<div class='gallery-icon landscape'>\n\t\t\t\t<a href='https:\/\/clublincoln.com.ar\/web\/wp-content\/uploads\/2018\/05\/CL-GyRESTO-93-Copy.jpg'><img loading=\"lazy\" decoding=\"async\" width=\"300\" height=\"200\" src=\"https:\/\/clublincoln.com.ar\/web\/wp-content\/uploads\/2018\/05\/CL-GyRESTO-93-Copy-300x200.jpg\" class=\"attachment-medium size-medium\" alt=\"\" srcset=\"https:\/\/clublincoln.com.ar\/web\/wp-content\/uploads\/2018\/05\/CL-GyRESTO-93-Copy-300x200.jpg 300w, https:\/\/clublincoln.com.ar\/web\/wp-content\/uploads\/2018\/05\/CL-GyRESTO-93-Copy-768x513.jpg 768w, https:\/\/clublincoln.com.ar\/web\/wp-content\/uploads\/2018\/05\/CL-GyRESTO-93-Copy-1024x683.jpg 1024w, https:\/\/clublincoln.com.ar\/web\/wp-content\/uploads\/2018\/05\/CL-GyRESTO-93-Copy-272x182.jpg 272w, https:\/\/clublincoln.com.ar\/web\/wp-content\/uploads\/2018\/05\/CL-GyRESTO-93-Copy.jpg 1500w\" sizes=\"auto, (max-width: 300px) 100vw, 300px\" \/><\/a>\n\t\t\t<\/div><\/figure><figure class='gallery-item'>\n\t\t\t<div class='gallery-icon landscape'>\n\t\t\t\t<a href='https:\/\/clublincoln.com.ar\/web\/wp-content\/uploads\/2018\/05\/CL-GyRESTO-106-Copy.jpg'><img loading=\"lazy\" decoding=\"async\" width=\"300\" height=\"200\" src=\"https:\/\/clublincoln.com.ar\/web\/wp-content\/uploads\/2018\/05\/CL-GyRESTO-106-Copy-300x200.jpg\" class=\"attachment-medium size-medium\" alt=\"\" srcset=\"https:\/\/clublincoln.com.ar\/web\/wp-content\/uploads\/2018\/05\/CL-GyRESTO-106-Copy-300x200.jpg 300w, https:\/\/clublincoln.com.ar\/web\/wp-content\/uploads\/2018\/05\/CL-GyRESTO-106-Copy-768x513.jpg 768w, https:\/\/clublincoln.com.ar\/web\/wp-content\/uploads\/2018\/05\/CL-GyRESTO-106-Copy-1024x683.jpg 1024w, https:\/\/clublincoln.com.ar\/web\/wp-content\/uploads\/2018\/05\/CL-GyRESTO-106-Copy-272x182.jpg 272w, https:\/\/clublincoln.com.ar\/web\/wp-content\/uploads\/2018\/05\/CL-GyRESTO-106-Copy.jpg 1500w\" sizes=\"auto, (max-width: 300px) 100vw, 300px\" \/><\/a>\n\t\t\t<\/div><\/figure>\n\t\t<\/div>\n<\/div><\/div><\/div><div id=\"pg-1511-2\"  class=\"panel-grid panel-has-style\" ><div class=\"panel-row-style panel-row-style-for-1511-2\" ><div id=\"pgc-1511-2-0\"  class=\"panel-grid-cell\" ><div id=\"panel-1511-2-0-0\" class=\"so-panel widget widget_sow-editor panel-first-child panel-last-child\" data-index=\"2\" ><div\n\t\t\t\n\t\t\tclass=\"so-widget-sow-editor so-widget-sow-editor-base\"\n\t\t\t\n\t\t>\n<div class=\"siteorigin-widget-tinymce textwidget\">\n\t<h3 style=\"text-align: center;\"><span style=\"color: #ffffff;\">Por su ubicaci\u00f3n y servicios, el Bar\/Rest\u00f3 es un lugar ideal para el encuentro familiar, entre amigos o reuniones de negocios.<\/span><\/h3>\n<\/div>\n<\/div><\/div><\/div><\/div><\/div><div id=\"pg-1511-3\"  class=\"panel-grid panel-has-style\" ><div class=\"panel-row-style panel-row-style-for-1511-3\" ><div id=\"pgc-1511-3-0\"  class=\"panel-grid-cell panel-grid-cell-mobile-last\" ><div id=\"panel-1511-3-0-0\" class=\"so-panel widget widget_sow-editor panel-first-child panel-last-child\" data-index=\"3\" ><div\n\t\t\t\n\t\t\tclass=\"so-widget-sow-editor so-widget-sow-editor-base\"\n\t\t\t\n\t\t><h3 class=\"widget-title\">Horarios<\/h3>\n<div class=\"siteorigin-widget-tinymce textwidget\">\n\t<p><em>Lunes a S\u00e1bados:\u00a0\u00a0<\/em>10 a 15hs. y 20 hs. en adelante.<\/p>\n<p><em>Domingos:<\/em> cerrado todo el d\u00eda. <em>Martes<\/em>: cerrado a la noche.<\/p>\n<p>Desayunos, meriendas, almuerzos y cenas.<br \/>\nPe\u00f1as, cumplea\u00f1os y eventos.<br \/>\nMen\u00fa ejecutivo.<\/p>\n<p>Plato del d\u00eda.<\/p>\n<p><strong>Consultas y Reservas<\/strong><br \/>\n1164032296<\/p>\n<p>Tarjetas de cr\u00e9dito y d\u00e9bito.<br \/>\nEncargado: \u00c1ngel Vallejos<\/p>\n<\/div>\n<\/div><\/div><\/div><div id=\"pgc-1511-3-1\"  class=\"panel-grid-cell panel-grid-cell-empty\" ><\/div><\/div><\/div><\/div>","protected":false},"excerpt":{"rendered":"<p>Por su ubicaci\u00f3n y servicios, el Bar\/Rest\u00f3 es un lugar ideal para el encuentro familiar, entre amigos o reuniones de negocios. Horarios Lunes a S\u00e1bados:\u00a0\u00a010 a 15hs. y 20 hs. en adelante. Domingos: cerrado todo el d\u00eda. Martes: cerrado a la noche. Desayunos, meriendas, almuerzos y cenas. Pe\u00f1as, cumplea\u00f1os y eventos. Men\u00fa ejecutivo. Plato del [&hellip;]<\/p>\n","protected":false},"author":1,"featured_media":0,"parent":0,"menu_order":0,"comment_status":"closed","ping_status":"closed","template":"","meta":{"site-sidebar-layout":"no-sidebar","site-content-layout":"content-boxed-container","ast-site-content-layout":"default","site-content-style":"default","site-sidebar-style":"default","ast-global-header-display":"","ast-banner-title-visibility":"","ast-main-header-display":"","ast-hfb-above-header-display":"","ast-hfb-below-header-display":"","ast-hfb-mobile-header-display":"","site-post-title":"","ast-breadcrumbs-content":"","ast-featured-img":"disabled","footer-sml-layout":"","ast-disable-related-posts":"","theme-transparent-header-meta":"","adv-header-id-meta":"","stick-header-meta":"","header-above-stick-meta":"","header-main-stick-meta":"","header-below-stick-meta":"","astra-migrate-meta-layouts":"default","ast-page-background-enabled":"default","ast-page-background-meta":{"desktop":{"background-color":"","background-image":"","background-repeat":"repeat","background-position":"center center","background-size":"auto","background-attachment":"scroll","background-type":"","background-media":"","overlay-type":"","overlay-color":"","overlay-opacity":"","overlay-gradient":""},"tablet":{"background-color":"","background-image":"","background-repeat":"repeat","background-position":"center center","background-size":"auto","background-attachment":"scroll","background-type":"","background-media":"","overlay-type":"","overlay-color":"","overlay-opacity":"","overlay-gradient":""},"mobile":{"background-color":"","background-image":"","background-repeat":"repeat","background-position":"center center","background-size":"auto","background-attachment":"scroll","background-type":"","background-media":"","overlay-type":"","overlay-color":"","overlay-opacity":"","overlay-gradient":""}},"ast-content-background-meta":{"desktop":{"background-color":"var(--ast-global-color-5)","background-image":"","background-repeat":"repeat","background-position":"center center","background-size":"auto","background-attachment":"scroll","background-type":"","background-media":"","overlay-type":"","overlay-color":"","overlay-opacity":"","overlay-gradient":""},"tablet":{"background-color":"var(--ast-global-color-5)","background-image":"","background-repeat":"repeat","background-position":"center center","background-size":"auto","background-attachment":"scroll","background-type":"","background-media":"","overlay-type":"","overlay-color":"","overlay-opacity":"","overlay-gradient":""},"mobile":{"background-color":"var(--ast-global-color-5)","background-image":"","background-repeat":"repeat","background-position":"center center","background-size":"auto","background-attachment":"scroll","background-type":"","background-media":"","overlay-type":"","overlay-color":"","overlay-opacity":"","overlay-gradient":""}},"footnotes":""},"class_list":["post-1511","page","type-page","status-publish","hentry"],"aioseo_notices":[],"_links":{"self":[{"href":"https:\/\/clublincoln.com.ar\/web\/wp-json\/wp\/v2\/pages\/1511","targetHints":{"allow":["GET"]}}],"collection":[{"href":"https:\/\/clublincoln.com.ar\/web\/wp-json\/wp\/v2\/pages"}],"about":[{"href":"https:\/\/clublincoln.com.ar\/web\/wp-json\/wp\/v2\/types\/page"}],"author":[{"embeddable":true,"href":"https:\/\/clublincoln.com.ar\/web\/wp-json\/wp\/v2\/users\/1"}],"replies":[{"embeddable":true,"href":"https:\/\/clublincoln.com.ar\/web\/wp-json\/wp\/v2\/comments?post=1511"}],"version-history":[{"count":24,"href":"https:\/\/clublincoln.com.ar\/web\/wp-json\/wp\/v2\/pages\/1511\/revisions"}],"predecessor-version":[{"id":2152,"href":"https:\/\/clublincoln.com.ar\/web\/wp-json\/wp\/v2\/pages\/1511\/revisions\/2152"}],"wp:attachment":[{"href":"https:\/\/clublincoln.com.ar\/web\/wp-json\/wp\/v2\/media?parent=1511"}],"curies":[{"name":"wp","href":"https:\/\/api.w.org\/{rel}","templated":true}]}}