{"id":1520,"date":"2017-10-11T11:12:42","date_gmt":"2017-10-11T14:12:42","guid":{"rendered":"http:\/\/clublincoln.com.ar\/web\/?page_id=1520"},"modified":"2023-01-26T12:44:02","modified_gmt":"2023-01-26T15:44:02","slug":"beneficios-para-socios","status":"publish","type":"page","link":"https:\/\/clublincoln.com.ar\/web\/beneficios-para-socios\/","title":{"rendered":"Beneficios para socios"},"content":{"rendered":"<div id=\"pl-1520\"  class=\"panel-layout\" ><div id=\"pg-1520-0\"  class=\"panel-grid panel-no-style\" ><div id=\"pgc-1520-0-0\"  class=\"panel-grid-cell\" ><div id=\"panel-1520-0-0-0\" class=\"so-panel widget widget_media_image panel-first-child\" data-index=\"0\" ><img loading=\"lazy\" decoding=\"async\" width=\"1000\" height=\"123\" src=\"https:\/\/clublincoln.com.ar\/web\/wp-content\/uploads\/2017\/10\/Whitelineshadow1-e1508532053605.jpg\" class=\"image wp-image-1679  attachment-full size-full\" alt=\"\" style=\"max-width: 100%; height: auto;\" srcset=\"https:\/\/clublincoln.com.ar\/web\/wp-content\/uploads\/2017\/10\/Whitelineshadow1-e1508532053605.jpg 1000w, https:\/\/clublincoln.com.ar\/web\/wp-content\/uploads\/2017\/10\/Whitelineshadow1-e1508532053605-300x37.jpg 300w, https:\/\/clublincoln.com.ar\/web\/wp-content\/uploads\/2017\/10\/Whitelineshadow1-e1508532053605-768x94.jpg 768w\" sizes=\"auto, (max-width: 1000px) 100vw, 1000px\" \/><\/div><div id=\"panel-1520-0-0-1\" class=\"so-panel widget widget_sow-editor panel-last-child\" data-index=\"1\" ><div\n\t\t\t\n\t\t\tclass=\"so-widget-sow-editor so-widget-sow-editor-base\"\n\t\t\t\n\t\t>\n<div class=\"siteorigin-widget-tinymce textwidget\">\n\t<h4 style=\"text-align: center; background: white; vertical-align: baseline; margin: 0cm 0cm 15.0pt 0cm;\" align=\"center\"><span lang=\"ES-TRAD\" style=\"font-family: 'Segoe UI', 'sans-serif';\">El club brinda uso exclusivo y gratuito de instalaciones de Natatorio con pileta climatizada y parrilas al aire libre. Clases gratuitas de AquaGym para socios. Descuento del 25% en todas las disciplinas del Gimnasio. Derecho a alquileres de Salones de usos m\u00faltiples y acceso a la Colonia de Verano y Clases de Nataci\u00f3n (actividades con costo adicional).<\/span><\/h4>\n<\/div>\n<\/div><\/div><\/div><\/div><div id=\"pg-1520-1\"  class=\"panel-grid panel-has-style\" ><div class=\"panel-row-style panel-row-style-for-1520-1\" ><div id=\"pgc-1520-1-0\"  class=\"panel-grid-cell\" ><div id=\"panel-1520-1-0-0\" class=\"widget_text so-panel widget widget_custom_html panel-first-child panel-last-child\" data-index=\"2\" ><div class=\"textwidget custom-html-widget\"><div id=\"metaslider-id-1865\" style=\"width: 100%; margin: 0 auto;\" class=\"ml-slider-3-108-0 metaslider metaslider-flex metaslider-1865 ml-slider has-dots-nav ms-theme-default\" role=\"region\" aria-label=\"Nuevo pase\" data-height=\"400\" data-width=\"600\">\n    <div id=\"metaslider_container_1865\">\n        <div id=\"metaslider_1865\" class=\"flexslider\">\n            <ul class='slides'>\n                <li style=\"display: block; width: 100%;\" class=\"slide-1867 ms-image \" aria-roledescription=\"slide\" data-date=\"2017-10-13 09:20:56\" data-filename=\"salona.jpg\" data-slide-type=\"image\"><a href=\"https:\/\/clublincoln.com.ar\/web\/wp-content\/uploads\/2017\/10\/salona.jpg\" target=\"_blank\" aria-label=\"Ver detalles de la diapositiva\" class=\"metaslider_image_link\"><img loading=\"lazy\" decoding=\"async\" src=\"https:\/\/clublincoln.com.ar\/web\/wp-content\/uploads\/2017\/10\/salona.jpg\" height=\"400\" width=\"600\" alt=\"\" class=\"slider-1865 slide-1867 msDefaultImage\" \/><\/a><\/li>\n                <li style=\"display: none; width: 100%;\" class=\"slide-1868 ms-image \" aria-roledescription=\"slide\" data-date=\"2017-10-13 09:21:00\" data-filename=\"salonb.jpg\" data-slide-type=\"image\"><a href=\"https:\/\/clublincoln.com.ar\/web\/wp-content\/uploads\/2017\/10\/salonb.jpg\" target=\"_blank\" aria-label=\"Ver detalles de la diapositiva\" class=\"metaslider_image_link\"><img loading=\"lazy\" decoding=\"async\" src=\"https:\/\/clublincoln.com.ar\/web\/wp-content\/uploads\/2017\/10\/salonb.jpg\" height=\"400\" width=\"600\" alt=\"\" class=\"slider-1865 slide-1868 msDefaultImage\" \/><\/a><\/li>\n                <li style=\"display: none; width: 100%;\" class=\"slide-1870 ms-image \" aria-roledescription=\"slide\" data-date=\"2017-10-13 09:21:13\" data-filename=\"salonc.jpg\" data-slide-type=\"image\"><a href=\"https:\/\/clublincoln.com.ar\/web\/wp-content\/uploads\/2017\/10\/salonc.jpg\" target=\"_blank\" aria-label=\"Ver detalles de la diapositiva\" class=\"metaslider_image_link\"><img loading=\"lazy\" decoding=\"async\" src=\"https:\/\/clublincoln.com.ar\/web\/wp-content\/uploads\/2017\/10\/salonc.jpg\" height=\"400\" width=\"600\" alt=\"\" class=\"slider-1865 slide-1870 msDefaultImage\" \/><\/a><\/li>\n                <li style=\"display: none; width: 100%;\" class=\"slide-1874 ms-image \" aria-roledescription=\"slide\" data-date=\"2017-10-13 09:21:44\" data-filename=\"salond.jpg\" data-slide-type=\"image\"><a href=\"https:\/\/clublincoln.com.ar\/web\/wp-content\/uploads\/2017\/10\/salond.jpg\" target=\"_blank\" aria-label=\"Ver detalles de la diapositiva\" class=\"metaslider_image_link\"><img loading=\"lazy\" decoding=\"async\" src=\"https:\/\/clublincoln.com.ar\/web\/wp-content\/uploads\/2017\/10\/salond.jpg\" height=\"400\" width=\"600\" alt=\"\" class=\"slider-1865 slide-1874 msDefaultImage\" \/><\/a><\/li>\n                <li style=\"display: none; width: 100%;\" class=\"slide-1876 ms-image \" aria-roledescription=\"slide\" data-date=\"2017-10-13 09:21:55\" data-filename=\"salone.jpg\" data-slide-type=\"image\"><a href=\"https:\/\/clublincoln.com.ar\/web\/wp-content\/uploads\/2017\/10\/salone.jpg\" target=\"_blank\" aria-label=\"Ver detalles de la diapositiva\" class=\"metaslider_image_link\"><img loading=\"lazy\" decoding=\"async\" src=\"https:\/\/clublincoln.com.ar\/web\/wp-content\/uploads\/2017\/10\/salone.jpg\" height=\"400\" width=\"600\" alt=\"\" class=\"slider-1865 slide-1876 msDefaultImage\" \/><\/a><\/li>\n            <\/ul>\n        <\/div>\n        \n    <\/div>\n<\/div><\/div><\/div><\/div><div id=\"pgc-1520-1-1\"  class=\"panel-grid-cell\" ><div id=\"panel-1520-1-1-0\" class=\"widget_text so-panel widget widget_custom_html panel-first-child panel-last-child\" data-index=\"3\" ><div class=\"textwidget custom-html-widget\"><div id=\"metaslider-id-1879\" style=\"width: 100%; margin: 0 auto;\" class=\"ml-slider-3-108-0 metaslider metaslider-flex metaslider-1879 ml-slider has-dots-nav ms-theme-default\" role=\"region\" aria-label=\"Nuevo pase\" data-height=\"400\" data-width=\"600\">\n    <div id=\"metaslider_container_1879\">\n        <div id=\"metaslider_1879\" class=\"flexslider\">\n            <ul class='slides'>\n                <li style=\"display: block; width: 100%;\" class=\"slide-1881 ms-image \" aria-roledescription=\"slide\" data-date=\"2017-10-13 10:43:31\" data-filename=\"pool1.jpg\" data-slide-type=\"image\"><a href=\"https:\/\/clublincoln.com.ar\/web\/wp-content\/uploads\/2017\/10\/pool1.jpg\" target=\"_blank\" aria-label=\"Ver detalles de la diapositiva\" class=\"metaslider_image_link\"><img loading=\"lazy\" decoding=\"async\" src=\"https:\/\/clublincoln.com.ar\/web\/wp-content\/uploads\/2017\/10\/pool1.jpg\" height=\"400\" width=\"600\" alt=\"\" class=\"slider-1879 slide-1881 msDefaultImage\" \/><\/a><\/li>\n                <li style=\"display: none; width: 100%;\" class=\"slide-1883 ms-image \" aria-roledescription=\"slide\" data-date=\"2017-10-13 10:43:41\" data-filename=\"pool2.jpg\" data-slide-type=\"image\"><a href=\"https:\/\/clublincoln.com.ar\/web\/wp-content\/uploads\/2017\/10\/pool2.jpg\" target=\"_blank\" aria-label=\"Ver detalles de la diapositiva\" class=\"metaslider_image_link\"><img loading=\"lazy\" decoding=\"async\" src=\"https:\/\/clublincoln.com.ar\/web\/wp-content\/uploads\/2017\/10\/pool2.jpg\" height=\"400\" width=\"600\" alt=\"\" class=\"slider-1879 slide-1883 msDefaultImage\" \/><\/a><\/li>\n                <li style=\"display: none; width: 100%;\" class=\"slide-1885 ms-image \" aria-roledescription=\"slide\" data-date=\"2017-10-13 10:43:52\" data-filename=\"pool3.jpg\" data-slide-type=\"image\"><a href=\"https:\/\/clublincoln.com.ar\/web\/wp-content\/uploads\/2017\/10\/pool3.jpg\" target=\"_blank\" aria-label=\"Ver detalles de la diapositiva\" class=\"metaslider_image_link\"><img loading=\"lazy\" decoding=\"async\" src=\"https:\/\/clublincoln.com.ar\/web\/wp-content\/uploads\/2017\/10\/pool3.jpg\" height=\"400\" width=\"600\" alt=\"\" class=\"slider-1879 slide-1885 msDefaultImage\" \/><\/a><\/li>\n                <li style=\"display: none; width: 100%;\" class=\"slide-1887 ms-image \" aria-roledescription=\"slide\" data-date=\"2017-10-13 10:44:02\" data-filename=\"pool4.jpg\" data-slide-type=\"image\"><a href=\"https:\/\/clublincoln.com.ar\/web\/wp-content\/uploads\/2017\/10\/pool4.jpg\" target=\"_blank\" aria-label=\"Ver detalles de la diapositiva\" class=\"metaslider_image_link\"><img loading=\"lazy\" decoding=\"async\" src=\"https:\/\/clublincoln.com.ar\/web\/wp-content\/uploads\/2017\/10\/pool4.jpg\" height=\"400\" width=\"600\" alt=\"\" class=\"slider-1879 slide-1887 msDefaultImage\" \/><\/a><\/li>\n                <li style=\"display: none; width: 100%;\" class=\"slide-1889 ms-image \" aria-roledescription=\"slide\" data-date=\"2017-10-13 10:44:19\" data-filename=\"pool5.jpg\" data-slide-type=\"image\"><a href=\"https:\/\/clublincoln.com.ar\/web\/wp-content\/uploads\/2017\/10\/pool5.jpg\" target=\"_blank\" aria-label=\"Ver detalles de la diapositiva\" class=\"metaslider_image_link\"><img loading=\"lazy\" decoding=\"async\" src=\"https:\/\/clublincoln.com.ar\/web\/wp-content\/uploads\/2017\/10\/pool5.jpg\" height=\"400\" width=\"600\" alt=\"\" class=\"slider-1879 slide-1889 msDefaultImage\" \/><\/a><\/li>\n            <\/ul>\n        <\/div>\n        \n    <\/div>\n<\/div><\/div><\/div><\/div><div id=\"pgc-1520-1-2\"  class=\"panel-grid-cell\" ><div id=\"panel-1520-1-2-0\" class=\"widget_text so-panel widget widget_custom_html panel-first-child panel-last-child\" data-index=\"4\" ><div class=\"textwidget custom-html-widget\"><div id=\"metaslider-id-1892\" style=\"width: 100%; margin: 0 auto;\" class=\"ml-slider-3-108-0 metaslider metaslider-flex metaslider-1892 ml-slider has-dots-nav ms-theme-default\" role=\"region\" aria-label=\"Nuevo pase\" data-height=\"400\" data-width=\"600\">\n    <div id=\"metaslider_container_1892\">\n        <div id=\"metaslider_1892\" class=\"flexslider\">\n            <ul class='slides'>\n                <li style=\"display: block; width: 100%;\" class=\"slide-1894 ms-image \" aria-roledescription=\"slide\" data-date=\"2017-10-13 10:48:34\" data-filename=\"gym1.jpg\" data-slide-type=\"image\"><a href=\"https:\/\/clublincoln.com.ar\/web\/wp-content\/uploads\/2017\/10\/gym1.jpg\" target=\"_blank\" aria-label=\"Ver detalles de la diapositiva\" class=\"metaslider_image_link\"><img loading=\"lazy\" decoding=\"async\" src=\"https:\/\/clublincoln.com.ar\/web\/wp-content\/uploads\/2017\/10\/gym1.jpg\" height=\"400\" width=\"600\" alt=\"\" class=\"slider-1892 slide-1894 msDefaultImage\" \/><\/a><\/li>\n                <li style=\"display: none; width: 100%;\" class=\"slide-1896 ms-image \" aria-roledescription=\"slide\" data-date=\"2017-10-13 10:48:45\" data-filename=\"gym2.jpg\" data-slide-type=\"image\"><a href=\"https:\/\/clublincoln.com.ar\/web\/wp-content\/uploads\/2017\/10\/gym2.jpg\" target=\"_blank\" aria-label=\"Ver detalles de la diapositiva\" class=\"metaslider_image_link\"><img loading=\"lazy\" decoding=\"async\" src=\"https:\/\/clublincoln.com.ar\/web\/wp-content\/uploads\/2017\/10\/gym2.jpg\" height=\"400\" width=\"600\" alt=\"\" class=\"slider-1892 slide-1896 msDefaultImage\" \/><\/a><\/li>\n                <li style=\"display: none; width: 100%;\" class=\"slide-1898 ms-image \" aria-roledescription=\"slide\" data-date=\"2017-10-13 10:48:54\" data-filename=\"gym3.jpg\" data-slide-type=\"image\"><a href=\"https:\/\/clublincoln.com.ar\/web\/wp-content\/uploads\/2017\/10\/gym3.jpg\" target=\"_blank\" aria-label=\"Ver detalles de la diapositiva\" class=\"metaslider_image_link\"><img loading=\"lazy\" decoding=\"async\" src=\"https:\/\/clublincoln.com.ar\/web\/wp-content\/uploads\/2017\/10\/gym3.jpg\" height=\"400\" width=\"600\" alt=\"\" class=\"slider-1892 slide-1898 msDefaultImage\" \/><\/a><\/li>\n                <li style=\"display: none; width: 100%;\" class=\"slide-1900 ms-image \" aria-roledescription=\"slide\" data-date=\"2017-10-13 10:49:02\" data-filename=\"gym4.jpg\" data-slide-type=\"image\"><a href=\"https:\/\/clublincoln.com.ar\/web\/wp-content\/uploads\/2017\/10\/gym4.jpg\" target=\"_blank\" aria-label=\"Ver detalles de la diapositiva\" class=\"metaslider_image_link\"><img loading=\"lazy\" decoding=\"async\" src=\"https:\/\/clublincoln.com.ar\/web\/wp-content\/uploads\/2017\/10\/gym4.jpg\" height=\"400\" width=\"600\" alt=\"\" class=\"slider-1892 slide-1900 msDefaultImage\" \/><\/a><\/li>\n                <li style=\"display: none; width: 100%;\" class=\"slide-1902 ms-image \" aria-roledescription=\"slide\" data-date=\"2017-10-13 10:49:12\" data-filename=\"gym5.jpg\" data-slide-type=\"image\"><a href=\"https:\/\/clublincoln.com.ar\/web\/wp-content\/uploads\/2017\/10\/gym5.jpg\" target=\"_blank\" aria-label=\"Ver detalles de la diapositiva\" class=\"metaslider_image_link\"><img loading=\"lazy\" decoding=\"async\" src=\"https:\/\/clublincoln.com.ar\/web\/wp-content\/uploads\/2017\/10\/gym5.jpg\" height=\"400\" width=\"600\" alt=\"\" class=\"slider-1892 slide-1902 msDefaultImage\" \/><\/a><\/li>\n            <\/ul>\n        <\/div>\n        \n    <\/div>\n<\/div><\/div><\/div><\/div><div id=\"pgc-1520-1-3\"  class=\"panel-grid-cell\" ><div id=\"panel-1520-1-3-0\" class=\"widget_text so-panel widget widget_custom_html panel-first-child panel-last-child\" data-index=\"5\" ><div class=\"textwidget custom-html-widget\"><div id=\"metaslider-id-1905\" style=\"width: 100%; margin: 0 auto;\" class=\"ml-slider-3-108-0 metaslider metaslider-flex metaslider-1905 ml-slider has-dots-nav ms-theme-default\" role=\"region\" aria-label=\"Nuevo pase\" data-height=\"400\" data-width=\"600\">\n    <div id=\"metaslider_container_1905\">\n        <div id=\"metaslider_1905\" class=\"flexslider\">\n            <ul class='slides'>\n                <li style=\"display: block; width: 100%;\" class=\"slide-1907 ms-image \" aria-roledescription=\"slide\" data-date=\"2017-10-13 10:53:00\" data-filename=\"1.jpg\" data-slide-type=\"image\"><a href=\"https:\/\/clublincoln.com.ar\/web\/wp-content\/uploads\/2017\/10\/resto1.jpg\" target=\"_blank\" aria-label=\"Ver detalles de la diapositiva\" class=\"metaslider_image_link\"><img loading=\"lazy\" decoding=\"async\" src=\"https:\/\/clublincoln.com.ar\/web\/wp-content\/uploads\/2022\/03\/1.jpg\" height=\"400\" width=\"600\" alt=\"\" class=\"slider-1905 slide-1907 msDefaultImage\" \/><\/a><\/li>\n                <li style=\"display: none; width: 100%;\" class=\"slide-1909 ms-image \" aria-roledescription=\"slide\" data-date=\"2017-10-13 10:53:10\" data-filename=\"2.jpg\" data-slide-type=\"image\"><a href=\"https:\/\/clublincoln.com.ar\/web\/wp-content\/uploads\/2017\/10\/resto2.jpg\" target=\"_blank\" aria-label=\"Ver detalles de la diapositiva\" class=\"metaslider_image_link\"><img loading=\"lazy\" decoding=\"async\" src=\"https:\/\/clublincoln.com.ar\/web\/wp-content\/uploads\/2022\/03\/2.jpg\" height=\"400\" width=\"600\" alt=\"\" class=\"slider-1905 slide-1909 msDefaultImage\" \/><\/a><\/li>\n                <li style=\"display: none; width: 100%;\" class=\"slide-1911 ms-image \" aria-roledescription=\"slide\" data-date=\"2017-10-13 10:53:23\" data-filename=\"3.jpg\" data-slide-type=\"image\"><a href=\"https:\/\/clublincoln.com.ar\/web\/wp-content\/uploads\/2017\/10\/resto3.jpg\" target=\"_blank\" aria-label=\"Ver detalles de la diapositiva\" class=\"metaslider_image_link\"><img loading=\"lazy\" decoding=\"async\" src=\"https:\/\/clublincoln.com.ar\/web\/wp-content\/uploads\/2022\/03\/3.jpg\" height=\"400\" width=\"600\" alt=\"\" class=\"slider-1905 slide-1911 msDefaultImage\" \/><\/a><\/li>\n                <li style=\"display: none; width: 100%;\" class=\"slide-1913 ms-image \" aria-roledescription=\"slide\" data-date=\"2017-10-13 10:53:34\" data-filename=\"4.jpg\" data-slide-type=\"image\"><a href=\"https:\/\/clublincoln.com.ar\/web\/wp-content\/uploads\/2017\/10\/resto4.jpg\" target=\"_blank\" aria-label=\"Ver detalles de la diapositiva\" class=\"metaslider_image_link\"><img loading=\"lazy\" decoding=\"async\" src=\"https:\/\/clublincoln.com.ar\/web\/wp-content\/uploads\/2022\/03\/4.jpg\" height=\"400\" width=\"600\" alt=\"\" class=\"slider-1905 slide-1913 msDefaultImage\" \/><\/a><\/li>\n                <li style=\"display: none; width: 100%;\" class=\"slide-1915 ms-image \" aria-roledescription=\"slide\" data-date=\"2017-10-13 10:53:47\" data-filename=\"5.jpg\" data-slide-type=\"image\"><a href=\"https:\/\/clublincoln.com.ar\/web\/wp-content\/uploads\/2017\/10\/resto5.jpg\" target=\"_blank\" aria-label=\"Ver detalles de la diapositiva\" class=\"metaslider_image_link\"><img loading=\"lazy\" decoding=\"async\" src=\"https:\/\/clublincoln.com.ar\/web\/wp-content\/uploads\/2022\/03\/5.jpg\" height=\"400\" width=\"600\" alt=\"\" class=\"slider-1905 slide-1915 msDefaultImage\" \/><\/a><\/li>\n            <\/ul>\n        <\/div>\n        \n    <\/div>\n<\/div><\/div><\/div><\/div><\/div><\/div><div id=\"pg-1520-2\"  class=\"panel-grid panel-has-style\" ><div class=\"panel-row-style panel-row-style-for-1520-2\" ><div id=\"pgc-1520-2-0\"  class=\"panel-grid-cell\" ><div id=\"panel-1520-2-0-0\" class=\"so-panel widget widget_sow-editor panel-first-child panel-last-child\" data-index=\"6\" ><div\n\t\t\t\n\t\t\tclass=\"so-widget-sow-editor so-widget-sow-editor-base\"\n\t\t\t\n\t\t><h3 class=\"widget-title\">Salones<\/h3>\n<div class=\"siteorigin-widget-tinymce textwidget\">\n\t<p><strong>Sal\u00f3n Chico:\u00a0<\/strong><span style=\"font-size: 16px;\">Capacidad: 35 personas<\/span><\/p>\n<p><strong>Sal\u00f3n Grande:<\/strong> Capacidad 50 personas<\/p>\n<p><strong>Sal\u00f3n Pe\u00f1as:<\/strong> Capacidad 40 personas\u00a0(exclusivo para adultos)<\/p>\n<p style=\"text-align: justify;\"><em>Todos los salones cuentas con:<\/em> Calefacci\u00f3n, aire acondicionado, mesas, sillas, freezer, cocina, parrilla<\/p>\n<div>El uso de los mismos es exclusivo para socios del club o familiares directos.<\/div>\n<div>Los horarios de uso son de 10 a 16hs. \u00f3 de 19 hs. en adelante.<\/div>\n<div>Por disponibilidad,\u00a0reserva y servicios incluidos comunicarse con el encargado al 2355476360 (Gast\u00f3n Carra).<\/div>\n<\/div>\n<\/div><\/div><\/div><div id=\"pgc-1520-2-1\"  class=\"panel-grid-cell\" ><div id=\"panel-1520-2-1-0\" class=\"so-panel widget widget_sow-editor panel-first-child panel-last-child\" data-index=\"7\" ><div\n\t\t\t\n\t\t\tclass=\"so-widget-sow-editor so-widget-sow-editor-base\"\n\t\t\t\n\t\t><h3 class=\"widget-title\">Natatorio<\/h3>\n<div class=\"siteorigin-widget-tinymce textwidget\">\n\t<ul>\n<li>Ingreso Libre<\/li>\n<\/ul>\n<\/div>\n<\/div><\/div><\/div><div id=\"pgc-1520-2-2\"  class=\"panel-grid-cell\" ><div id=\"panel-1520-2-2-0\" class=\"so-panel widget widget_sow-editor panel-first-child panel-last-child\" data-index=\"8\" ><div\n\t\t\t\n\t\t\tclass=\"so-widget-sow-editor so-widget-sow-editor-base\"\n\t\t\t\n\t\t><h3 class=\"widget-title\">Gym<\/h3>\n<div class=\"siteorigin-widget-tinymce textwidget\">\n\t<p>Todas las actividades<\/p>\n<\/div>\n<\/div><\/div><\/div><div id=\"pgc-1520-2-3\"  class=\"panel-grid-cell\" ><div id=\"panel-1520-2-3-0\" class=\"so-panel widget widget_sow-editor panel-first-child panel-last-child\" data-index=\"9\" ><div\n\t\t\t\n\t\t\tclass=\"so-widget-sow-editor so-widget-sow-editor-base\"\n\t\t\t\n\t\t><h3 class=\"widget-title\">Instalaciones del Club<\/h3>\n<div class=\"siteorigin-widget-tinymce textwidget\">\n\t<p>Pileta de Nataci\u00f3n climatizada.<\/p>\n<p>Sector de parrillas al aire libre.<\/p>\n<p>Juegos para ni\u00f1os.<\/p>\n<p>Canchas de Voley.<\/p>\n<p>Gimnasios.<\/p>\n<p>Salones de usos m\u00faltiples con parrilla cubierta.<\/p>\n<p>Resto-bar.<\/p>\n<\/div>\n<\/div><\/div><\/div><\/div><\/div><div id=\"pg-1520-3\"  class=\"panel-grid panel-no-style\" ><div id=\"pgc-1520-3-0\"  class=\"panel-grid-cell panel-grid-cell-empty\" ><\/div><\/div><div id=\"pg-1520-4\"  class=\"panel-grid panel-has-style\" ><div class=\"panel-row-style panel-row-style-for-1520-4\" ><div id=\"pgc-1520-4-0\"  class=\"panel-grid-cell\" ><div id=\"panel-1520-4-0-0\" class=\"so-panel widget widget_sow-editor panel-first-child panel-last-child\" data-index=\"10\" ><div\n\t\t\t\n\t\t\tclass=\"so-widget-sow-editor so-widget-sow-editor-base\"\n\t\t\t\n\t\t>\n<div class=\"siteorigin-widget-tinymce textwidget\">\n\t<p style=\"text-align: center;\"><span style=\"font-size: 14pt; color: #ffffff;\"><strong><em>M\u00e1s informaci\u00f3n en Secretaria del club o al tel\u00e9fono 2355 422056.<\/em><\/strong><\/span><\/p>\n<\/div>\n<\/div><\/div><\/div><\/div><\/div><\/div>","protected":false},"excerpt":{"rendered":"<p>El club brinda uso exclusivo y gratuito de instalaciones de Natatorio con pileta climatizada y parrilas al aire libre. Clases gratuitas de AquaGym para socios. Descuento del 25% en todas las disciplinas del Gimnasio. Derecho a alquileres de Salones de usos m\u00faltiples y acceso a la Colonia de Verano y Clases de Nataci\u00f3n (actividades con [&hellip;]<\/p>\n","protected":false},"author":1,"featured_media":0,"parent":0,"menu_order":0,"comment_status":"closed","ping_status":"closed","template":"","meta":{"site-sidebar-layout":"no-sidebar","site-content-layout":"content-boxed-container","ast-site-content-layout":"default","site-content-style":"default","site-sidebar-style":"default","ast-global-header-display":"","ast-banner-title-visibility":"","ast-main-header-display":"","ast-hfb-above-header-display":"","ast-hfb-below-header-display":"","ast-hfb-mobile-header-display":"","site-post-title":"","ast-breadcrumbs-content":"","ast-featured-img":"disabled","footer-sml-layout":"","ast-disable-related-posts":"","theme-transparent-header-meta":"default","adv-header-id-meta":"","stick-header-meta":"","header-above-stick-meta":"","header-main-stick-meta":"","header-below-stick-meta":"","astra-migrate-meta-layouts":"default","ast-page-background-enabled":"default","ast-page-background-meta":{"desktop":{"background-color":"","background-image":"","background-repeat":"repeat","background-position":"center center","background-size":"auto","background-attachment":"scroll","background-type":"","background-media":"","overlay-type":"","overlay-color":"","overlay-opacity":"","overlay-gradient":""},"tablet":{"background-color":"","background-image":"","background-repeat":"repeat","background-position":"center center","background-size":"auto","background-attachment":"scroll","background-type":"","background-media":"","overlay-type":"","overlay-color":"","overlay-opacity":"","overlay-gradient":""},"mobile":{"background-color":"","background-image":"","background-repeat":"repeat","background-position":"center center","background-size":"auto","background-attachment":"scroll","background-type":"","background-media":"","overlay-type":"","overlay-color":"","overlay-opacity":"","overlay-gradient":""}},"ast-content-background-meta":{"desktop":{"background-color":"var(--ast-global-color-5)","background-image":"","background-repeat":"repeat","background-position":"center center","background-size":"auto","background-attachment":"scroll","background-type":"","background-media":"","overlay-type":"","overlay-color":"","overlay-opacity":"","overlay-gradient":""},"tablet":{"background-color":"var(--ast-global-color-5)","background-image":"","background-repeat":"repeat","background-position":"center center","background-size":"auto","background-attachment":"scroll","background-type":"","background-media":"","overlay-type":"","overlay-color":"","overlay-opacity":"","overlay-gradient":""},"mobile":{"background-color":"var(--ast-global-color-5)","background-image":"","background-repeat":"repeat","background-position":"center center","background-size":"auto","background-attachment":"scroll","background-type":"","background-media":"","overlay-type":"","overlay-color":"","overlay-opacity":"","overlay-gradient":""}},"footnotes":""},"class_list":["post-1520","page","type-page","status-publish","hentry"],"aioseo_notices":[],"_links":{"self":[{"href":"https:\/\/clublincoln.com.ar\/web\/wp-json\/wp\/v2\/pages\/1520","targetHints":{"allow":["GET"]}}],"collection":[{"href":"https:\/\/clublincoln.com.ar\/web\/wp-json\/wp\/v2\/pages"}],"about":[{"href":"https:\/\/clublincoln.com.ar\/web\/wp-json\/wp\/v2\/types\/page"}],"author":[{"embeddable":true,"href":"https:\/\/clublincoln.com.ar\/web\/wp-json\/wp\/v2\/users\/1"}],"replies":[{"embeddable":true,"href":"https:\/\/clublincoln.com.ar\/web\/wp-json\/wp\/v2\/comments?post=1520"}],"version-history":[{"count":39,"href":"https:\/\/clublincoln.com.ar\/web\/wp-json\/wp\/v2\/pages\/1520\/revisions"}],"predecessor-version":[{"id":1816,"href":"https:\/\/clublincoln.com.ar\/web\/wp-json\/wp\/v2\/pages\/1520\/revisions\/1816"}],"wp:attachment":[{"href":"https:\/\/clublincoln.com.ar\/web\/wp-json\/wp\/v2\/media?parent=1520"}],"curies":[{"name":"wp","href":"https:\/\/api.w.org\/{rel}","templated":true}]}}