{"id":45,"date":"2017-10-09T18:32:07","date_gmt":"2017-10-09T21:32:07","guid":{"rendered":"http:\/\/clublincoln.com.ar\/web\/?page_id=45"},"modified":"2023-01-26T12:39:07","modified_gmt":"2023-01-26T15:39:07","slug":"natatorio","status":"publish","type":"page","link":"https:\/\/clublincoln.com.ar\/web\/natatorio\/","title":{"rendered":"Natatorio"},"content":{"rendered":"<div id=\"pl-45\"  class=\"panel-layout\" ><div id=\"pg-45-0\"  class=\"panel-grid panel-no-style\" ><div id=\"pgc-45-0-0\"  class=\"panel-grid-cell\" ><div id=\"panel-45-0-0-0\" class=\"so-panel widget widget_media_image panel-first-child\" data-index=\"0\" ><img loading=\"lazy\" decoding=\"async\" width=\"1000\" height=\"123\" src=\"https:\/\/clublincoln.com.ar\/web\/wp-content\/uploads\/2017\/10\/Whitelineshadow1-e1508532053605.jpg\" class=\"image wp-image-1679  attachment-full size-full\" alt=\"\" style=\"max-width: 100%; height: auto;\" srcset=\"https:\/\/clublincoln.com.ar\/web\/wp-content\/uploads\/2017\/10\/Whitelineshadow1-e1508532053605.jpg 1000w, https:\/\/clublincoln.com.ar\/web\/wp-content\/uploads\/2017\/10\/Whitelineshadow1-e1508532053605-300x37.jpg 300w, https:\/\/clublincoln.com.ar\/web\/wp-content\/uploads\/2017\/10\/Whitelineshadow1-e1508532053605-768x94.jpg 768w\" sizes=\"auto, (max-width: 1000px) 100vw, 1000px\" \/><\/div><div id=\"panel-45-0-0-1\" class=\"so-panel widget widget_sow-editor panel-last-child\" data-index=\"1\" ><div\n\t\t\t\n\t\t\tclass=\"so-widget-sow-editor so-widget-sow-editor-base\"\n\t\t\t\n\t\t>\n<div class=\"siteorigin-widget-tinymce textwidget\">\n\t<h3 style=\"text-align: center;\">\u00a0<span style=\"color: #808080;\"><strong>\u00a1Aprender a nadar y a disfrutar del agua<\/strong><\/span><\/h3>\n<p style=\"text-align: center;\">El natatorio es un espacio ideal para que ni\u00f1os, j\u00f3venes y adultos disfruten de la nataci\u00f3n recreativa o deportiva, promoviendo\u00a0la interacci\u00f3n social y la convivencia cordial.<\/p>\n<p style=\"text-align: center;\">Est\u00e1 a cargo de un equipo de profesionales capacitados y comprometidos para brindar un servicio eficiente y con calidez humana.<\/p>\n<\/div>\n<\/div><\/div><\/div><\/div><div id=\"pg-45-1\"  class=\"panel-grid panel-has-style\" ><div class=\"panel-row-style panel-row-style-for-45-1\" ><div id=\"pgc-45-1-0\"  class=\"panel-grid-cell\" ><div id=\"panel-45-1-0-0\" class=\"so-panel widget widget_media_image panel-first-child panel-last-child\" data-index=\"2\" ><img loading=\"lazy\" decoding=\"async\" width=\"300\" height=\"200\" src=\"https:\/\/clublincoln.com.ar\/web\/wp-content\/uploads\/2017\/10\/pool4-300x200.jpg\" class=\"image wp-image-1886  attachment-medium size-medium\" alt=\"\" style=\"max-width: 100%; height: auto;\" srcset=\"https:\/\/clublincoln.com.ar\/web\/wp-content\/uploads\/2017\/10\/pool4-300x200.jpg 300w, https:\/\/clublincoln.com.ar\/web\/wp-content\/uploads\/2017\/10\/pool4-272x182.jpg 272w, https:\/\/clublincoln.com.ar\/web\/wp-content\/uploads\/2017\/10\/pool4.jpg 600w\" sizes=\"auto, (max-width: 300px) 100vw, 300px\" \/><\/div><\/div><div id=\"pgc-45-1-1\"  class=\"panel-grid-cell\" ><div id=\"panel-45-1-1-0\" class=\"so-panel widget widget_media_image panel-first-child panel-last-child\" data-index=\"3\" ><img loading=\"lazy\" decoding=\"async\" width=\"300\" height=\"200\" src=\"https:\/\/clublincoln.com.ar\/web\/wp-content\/uploads\/2017\/10\/pool2-300x200.jpg\" class=\"image wp-image-1882  attachment-medium size-medium\" alt=\"\" style=\"max-width: 100%; height: auto;\" srcset=\"https:\/\/clublincoln.com.ar\/web\/wp-content\/uploads\/2017\/10\/pool2-300x200.jpg 300w, https:\/\/clublincoln.com.ar\/web\/wp-content\/uploads\/2017\/10\/pool2-272x182.jpg 272w, https:\/\/clublincoln.com.ar\/web\/wp-content\/uploads\/2017\/10\/pool2.jpg 600w\" sizes=\"auto, (max-width: 300px) 100vw, 300px\" \/><\/div><\/div><div id=\"pgc-45-1-2\"  class=\"panel-grid-cell\" ><div id=\"panel-45-1-2-0\" class=\"so-panel widget widget_media_image panel-first-child panel-last-child\" data-index=\"4\" ><img loading=\"lazy\" decoding=\"async\" width=\"300\" height=\"200\" src=\"https:\/\/clublincoln.com.ar\/web\/wp-content\/uploads\/2017\/10\/CL-0184-Copy-300x200.jpg\" class=\"image wp-image-68  attachment-medium size-medium\" alt=\"\" style=\"max-width: 100%; height: auto;\" srcset=\"https:\/\/clublincoln.com.ar\/web\/wp-content\/uploads\/2017\/10\/CL-0184-Copy-300x200.jpg 300w, https:\/\/clublincoln.com.ar\/web\/wp-content\/uploads\/2017\/10\/CL-0184-Copy-768x512.jpg 768w, https:\/\/clublincoln.com.ar\/web\/wp-content\/uploads\/2017\/10\/CL-0184-Copy-272x182.jpg 272w, https:\/\/clublincoln.com.ar\/web\/wp-content\/uploads\/2017\/10\/CL-0184-Copy.jpg 1000w\" sizes=\"auto, (max-width: 300px) 100vw, 300px\" \/><\/div><\/div><\/div><\/div><div id=\"pg-45-2\"  class=\"panel-grid panel-no-style\" ><div id=\"pgc-45-2-0\"  class=\"panel-grid-cell\" ><div id=\"panel-45-2-0-0\" class=\"so-panel widget widget_sow-editor panel-first-child panel-last-child\" data-index=\"5\" ><div\n\t\t\t\n\t\t\tclass=\"so-widget-sow-editor so-widget-sow-editor-base\"\n\t\t\t\n\t\t><h3 class=\"widget-title\">Escuela de Nataci\u00f3n<\/h3>\n<div class=\"siteorigin-widget-tinymce textwidget\">\n\t<p>M\u00e1s de 20 a\u00f1os de ense\u00f1anza ininterrumpida.<\/p>\n<p>Clases para ni\u00f1os, adolescentes y adultos.<\/p>\n<p>Grupos diferenciados por niveles.<\/p>\n<p><strong>Horarios:<\/strong> Lunes a Viernes de 10:30 hs. a 12:30 hs.<\/p>\n<p><strong>Profesores:<\/strong> Luc\u00eda Mu\u00f1oz.<\/p>\n<p><strong>Coordinador General:<\/strong> Jorge Lopez.<\/p>\n<p><strong>Informes e inscripci\u00f3n:<\/strong> 02355-422056<\/p>\n<\/div>\n<\/div><\/div><\/div><\/div><\/div>","protected":false},"excerpt":{"rendered":"<p>\u00a0\u00a1Aprender a nadar y a disfrutar del agua El natatorio es un espacio ideal para que ni\u00f1os, j\u00f3venes y adultos disfruten de la nataci\u00f3n recreativa o deportiva, promoviendo\u00a0la interacci\u00f3n social y la convivencia cordial. Est\u00e1 a cargo de un equipo de profesionales capacitados y comprometidos para brindar un servicio eficiente y con calidez humana.<\/p>\n","protected":false},"author":1,"featured_media":0,"parent":0,"menu_order":0,"comment_status":"closed","ping_status":"closed","template":"","meta":{"site-sidebar-layout":"no-sidebar","site-content-layout":"content-boxed-container","ast-site-content-layout":"default","site-content-style":"default","site-sidebar-style":"default","ast-global-header-display":"","ast-banner-title-visibility":"","ast-main-header-display":"","ast-hfb-above-header-display":"","ast-hfb-below-header-display":"","ast-hfb-mobile-header-display":"","site-post-title":"","ast-breadcrumbs-content":"","ast-featured-img":"disabled","footer-sml-layout":"","ast-disable-related-posts":"","theme-transparent-header-meta":"default","adv-header-id-meta":"","stick-header-meta":"","header-above-stick-meta":"","header-main-stick-meta":"","header-below-stick-meta":"","astra-migrate-meta-layouts":"default","ast-page-background-enabled":"default","ast-page-background-meta":{"desktop":{"background-color":"","background-image":"","background-repeat":"repeat","background-position":"center center","background-size":"auto","background-attachment":"scroll","background-type":"","background-media":"","overlay-type":"","overlay-color":"","overlay-opacity":"","overlay-gradient":""},"tablet":{"background-color":"","background-image":"","background-repeat":"repeat","background-position":"center center","background-size":"auto","background-attachment":"scroll","background-type":"","background-media":"","overlay-type":"","overlay-color":"","overlay-opacity":"","overlay-gradient":""},"mobile":{"background-color":"","background-image":"","background-repeat":"repeat","background-position":"center center","background-size":"auto","background-attachment":"scroll","background-type":"","background-media":"","overlay-type":"","overlay-color":"","overlay-opacity":"","overlay-gradient":""}},"ast-content-background-meta":{"desktop":{"background-color":"var(--ast-global-color-5)","background-image":"","background-repeat":"repeat","background-position":"center center","background-size":"auto","background-attachment":"scroll","background-type":"","background-media":"","overlay-type":"","overlay-color":"","overlay-opacity":"","overlay-gradient":""},"tablet":{"background-color":"var(--ast-global-color-5)","background-image":"","background-repeat":"repeat","background-position":"center center","background-size":"auto","background-attachment":"scroll","background-type":"","background-media":"","overlay-type":"","overlay-color":"","overlay-opacity":"","overlay-gradient":""},"mobile":{"background-color":"var(--ast-global-color-5)","background-image":"","background-repeat":"repeat","background-position":"center center","background-size":"auto","background-attachment":"scroll","background-type":"","background-media":"","overlay-type":"","overlay-color":"","overlay-opacity":"","overlay-gradient":""}},"footnotes":""},"class_list":["post-45","page","type-page","status-publish","hentry"],"aioseo_notices":[],"_links":{"self":[{"href":"https:\/\/clublincoln.com.ar\/web\/wp-json\/wp\/v2\/pages\/45","targetHints":{"allow":["GET"]}}],"collection":[{"href":"https:\/\/clublincoln.com.ar\/web\/wp-json\/wp\/v2\/pages"}],"about":[{"href":"https:\/\/clublincoln.com.ar\/web\/wp-json\/wp\/v2\/types\/page"}],"author":[{"embeddable":true,"href":"https:\/\/clublincoln.com.ar\/web\/wp-json\/wp\/v2\/users\/1"}],"replies":[{"embeddable":true,"href":"https:\/\/clublincoln.com.ar\/web\/wp-json\/wp\/v2\/comments?post=45"}],"version-history":[{"count":71,"href":"https:\/\/clublincoln.com.ar\/web\/wp-json\/wp\/v2\/pages\/45\/revisions"}],"predecessor-version":[{"id":1809,"href":"https:\/\/clublincoln.com.ar\/web\/wp-json\/wp\/v2\/pages\/45\/revisions\/1809"}],"wp:attachment":[{"href":"https:\/\/clublincoln.com.ar\/web\/wp-json\/wp\/v2\/media?parent=45"}],"curies":[{"name":"wp","href":"https:\/\/api.w.org\/{rel}","templated":true}]}}